{"id":1095,"date":"2016-01-20T21:09:53","date_gmt":"2016-01-20T21:09:53","guid":{"rendered":"http:\/\/tennisclub-hilders.de\/?page_id=1095"},"modified":"2026-04-17T11:03:41","modified_gmt":"2026-04-17T09:03:41","slug":"termine","status":"publish","type":"page","link":"https:\/\/tennisclub-hilders.de\/index.php\/aktuelles\/termine\/","title":{"rendered":"Termine 2026"},"content":{"rendered":"\n<figure class=\"wp-block-table\"><table class=\"has-black-color has-text-color\"><tbody><tr><td class=\"has-text-align-left\" data-align=\"left\"><strong><span style=\"font-style: inherit;\">Datum<\/span><\/strong><\/td><td><strong><span style=\"font-style: inherit;\">Anlass<\/span><\/strong><\/td><td><strong><span style=\"font-style: inherit;\">Ort<\/span><\/strong><\/td><td><strong><span style=\"font-style: inherit;\">Uhrzeit<\/span><\/strong><\/td><\/tr><tr><td class=\"has-text-align-left\" data-align=\"left\">17. April<\/td><td>Jahreshauptversammlung<\/td><td>Gasthaus Hohmann<\/td><td>19:30 Uhr<\/td><\/tr><tr><td class=\"has-text-align-left\" data-align=\"left\">25. April<\/td><td><span style=\"font-style: inherit; font-weight: inherit;\">Platzbestellung 202<\/span>6<\/td><td><span style=\"font-style: inherit; font-weight: inherit;\"><span style=\"font-style: inherit; font-weight: inherit;\">Tennisanlage Hilders<\/span><\/span><\/td><td>09:30 Uhr<\/td><\/tr><tr><td class=\"has-text-align-left\" data-align=\"left\">08. Mai<\/td><td>Saisonstart 2026<\/td><td>Tennisanlage Hilders<\/td><td>16:00 Uhr<\/td><\/tr><tr><td class=\"has-text-align-left\" data-align=\"left\">25. Mai<\/td><td>Spiel-Spa\u00df-Geselligkeitsturnier am Pfingstmontag<\/td><td>Tennisanlage Hilders<\/td><td>10:30 Uhr<\/td><\/tr><tr><td class=\"has-text-align-left\" data-align=\"left\">Datum folgt<\/td><td>Bier-Pong-Turnier<\/td><td><span style=\"font-style: inherit; font-weight: inherit;\">Tennisanlage Hilders<\/span><\/td><td>ganzt\u00e4gig<\/td><\/tr><tr><td class=\"has-text-align-left\" data-align=\"left\">19. September<\/td><td>Jugendvereinsmeisterschaften mit Zelten<\/td><td><span style=\"font-style: inherit; font-weight: inherit;\">Tennisanlage Hilders<\/span><\/td><td>ganzt\u00e4gig<\/td><\/tr><tr><td class=\"has-text-align-left\" data-align=\"left\">Datum folgt<\/td><td>Abr\u00e4umen der Tennispl\u00e4tze<\/td><td><span style=\"font-style: inherit; font-weight: inherit;\">Tennisanlage Hilders<\/span><\/td><td>10:00 Uhr<\/td><\/tr><\/tbody><\/table><\/figure>\n\n\n\n<p><\/p>\n","protected":false},"excerpt":{"rendered":"<p>Datum Anlass Ort Uhrzeit 17. April Jahreshauptversammlung Gasthaus Hohmann 19:30 Uhr 25. April Platzbestellung 2026 Tennisanlage Hilders 09:30 Uhr 08. Mai Saisonstart 2026 Tennisanlage Hilders 16:00 Uhr 25. Mai Spiel-Spa\u00df-Geselligkeitsturnier am Pfingstmontag Tennisanlage Hilders 10:30 Uhr Datum folgt Bier-Pong-Turnier Tennisanlage Hilders ganzt\u00e4gig 19. September Jugendvereinsmeisterschaften mit Zelten Tennisanlage Hilders ganzt\u00e4gig Datum folgt Abr\u00e4umen der Tennispl\u00e4tze [&hellip;]<\/p>\n","protected":false},"author":1,"featured_media":0,"parent":128,"menu_order":0,"comment_status":"closed","ping_status":"closed","template":"page-templates\/full-width.php","meta":{"ngg_post_thumbnail":0,"footnotes":""},"class_list":["post-1095","page","type-page","status-publish","hentry"],"_links":{"self":[{"href":"https:\/\/tennisclub-hilders.de\/index.php\/wp-json\/wp\/v2\/pages\/1095","targetHints":{"allow":["GET"]}}],"collection":[{"href":"https:\/\/tennisclub-hilders.de\/index.php\/wp-json\/wp\/v2\/pages"}],"about":[{"href":"https:\/\/tennisclub-hilders.de\/index.php\/wp-json\/wp\/v2\/types\/page"}],"author":[{"embeddable":true,"href":"https:\/\/tennisclub-hilders.de\/index.php\/wp-json\/wp\/v2\/users\/1"}],"replies":[{"embeddable":true,"href":"https:\/\/tennisclub-hilders.de\/index.php\/wp-json\/wp\/v2\/comments?post=1095"}],"version-history":[{"count":0,"href":"https:\/\/tennisclub-hilders.de\/index.php\/wp-json\/wp\/v2\/pages\/1095\/revisions"}],"up":[{"embeddable":true,"href":"https:\/\/tennisclub-hilders.de\/index.php\/wp-json\/wp\/v2\/pages\/128"}],"wp:attachment":[{"href":"https:\/\/tennisclub-hilders.de\/index.php\/wp-json\/wp\/v2\/media?parent=1095"}],"curies":[{"name":"wp","href":"https:\/\/api.w.org\/{rel}","templated":true}]}}