{"id":145,"date":"2014-07-05T15:04:11","date_gmt":"2014-07-05T13:04:11","guid":{"rendered":"http:\/\/tennisclub-hilders.de\/?page_id=145"},"modified":"2017-01-20T12:43:30","modified_gmt":"2017-01-20T11:43:30","slug":"jugendmeisterschaften","status":"publish","type":"page","link":"https:\/\/tennisclub-hilders.de\/index.php\/turniere\/jugendmeisterschaften\/","title":{"rendered":"Jugendvereinsmeisterschaften"},"content":{"rendered":"<h2><span style=\"color: #000000;\"><strong>Jugendvereinsmeisterschaften\u00a02016\u00a0leider ausgefallen<\/strong><\/span><\/h2>\n<p><span style=\"color: #000000;\">Aufgrund der schlechten Witterung mussten in diesem Jahr die Jugendvereinsmeisterschaften leider ausfallen.<\/span><\/p>\n<h2><span style=\"color: #000000;\"><strong>Jugendvereinsmeisterschaften\u00a02016 am 08.\/09. Oktober 2016<\/strong><\/span><\/h2>\n<p><span style=\"color: #000000;\">Zum\u00a0Abschluss der diesj\u00e4hrigen Tennissaison wollen wir noch unsere diesj\u00e4hrige Jugendvereinsmeisterschaften 2016 durchf\u00fchren. Alle Kinder und Jugendlichen des TC Blau-Wei\u00df Hilders sind hierzu recht herzlich aufgerufen. Auf\u00a0rege Teilnahme freut sich der Verein.<br \/>\nBitte meldet euch bis sp\u00e4testens 05. Oktober bei unserer Jugendwartin Regina oder beim Trainer Nico an. Anmeldungen sind auch \u00fcber unser <span style=\"color: #808080;\"><a style=\"color: #808080;\" href=\"http:\/\/tennisclub-hilders.de\/kontakt\/\"><span style=\"text-decoration: underline;\">Kontaktformular<\/span> <\/a><\/span>m\u00f6glich.<\/span><\/p>\n<p>&nbsp;<\/p>\n<h2 style=\"text-align: left;\"><span style=\"color: #000000;\"><strong>Die Jugendvereinsmeister\/innen 2015 sind gefunden!<\/strong><\/span><\/h2>\n<p><span style=\"color: #000000;\">Unsere diesj\u00e4hrigen Jugendvereinsmeisterschaften fanden am 26.09.2015 statt, bei denen 13 Kinder teilnahmen. Die Kinder wurden je nach Altersklasse in die jeweiligen Gruppen eingeteilt, sodass drei Konkurrenzen zustande kamen, U10 gemischt, U14 gemischt und U18 Junioren. Alle Kinder spielten pro Altersklasse jeder gegen jeden, am Ende entschieden dann ganz knapp die Siege oder das Satz-\/Punkteverh\u00e4ltnis. Bei der U14 wurde Tizian Herrmann mit einem Spiel Vorsprung Vereinsmeister, Luca Seifert mit einem Spiel Vorsprung Vizemeister und Valentina, der nur 2 Spiele zur Vereinsmeisterin fehlten, belegte den 3. Platz. Lucia Fromm trat aufgrund fehlender U12 Konkurrenz in der U14 mit an, musste sich aber gegen die \u201e\u00e4lteren\u201c geschlagen geben. Genauso knapp ging es bei der U18 Junioren zu, Robert Lasslop belegte den 3. Platz obwohl er gegen den Vereinsmeister Jan Breitung gewann. Auch in dieser Altersklasse entschied das Satzverh\u00e4ltnis den Vereinsmeister. Julius Zentgraf musste leider nach dem 1. Spiel aus gesundheitlichen Gr\u00fcnden aufgeben. Auch bei der U10 wurde es eng, Diego Fromm und Emilia Seifert standen beide jeweils ungeschlagen im Finale, welches Diego dann knapp f\u00fcr sich entschied und somit Vereinsmeister wurde.<\/span><\/p>\n<p><span style=\"color: #000000;\"><u>Platzierungen U10 gemischt:<br \/>\n<\/u>1. Platz: Diego Fromm<br \/>\n2. Platz: Emilia Seifert<br \/>\n3. Platz: Nora Schmitt<br \/>\n4. Platz Vincent Herrmann<br \/>\n5. Platz Marvin Hohmann<br \/>\n<\/span><\/p>\n<p><a href=\"http:\/\/tennisclub-hilders.de\/wp-content\/uploads\/2014\/07\/dsc06380.jpg\"><img loading=\"lazy\" decoding=\"async\" class=\"aligncenter size-large wp-image-1032\" src=\"http:\/\/tennisclub-hilders.de\/wp-content\/uploads\/2014\/07\/dsc06380-1024x680.jpg\" alt=\"DSC06380\" width=\"654\" height=\"434\" srcset=\"https:\/\/tennisclub-hilders.de\/wp-content\/uploads\/2014\/07\/dsc06380-1024x680.jpg 1024w, https:\/\/tennisclub-hilders.de\/wp-content\/uploads\/2014\/07\/dsc06380-300x199.jpg 300w, https:\/\/tennisclub-hilders.de\/wp-content\/uploads\/2014\/07\/dsc06380-600x399.jpg 600w, https:\/\/tennisclub-hilders.de\/wp-content\/uploads\/2014\/07\/dsc06380-2x1.jpg 2w\" sizes=\"auto, (max-width: 654px) 100vw, 654px\" \/><\/a><\/p>\n<p><span style=\"color: #000000;\">Von links: Diego Fromm, Emilia Seifert, Nora Schmitt, Vincent Herrmann, Marvin Hohmann mit Jugendwartin Regina Kirst<\/span><\/p>\n<p><span style=\"color: #000000;\"><u>Platzierungen U14 gemischt:<br \/>\n<\/u>1. Platz Tizian Herrmann<br \/>\n2. Platz Luca Seifert<br \/>\n3. Platz Valentina Sch\u00fcller<br \/>\n4. Platz Lucia Fromm<u><br \/>\n<\/u><\/span><\/p>\n<p><a href=\"http:\/\/tennisclub-hilders.de\/wp-content\/uploads\/2014\/07\/dsc06382.jpg\"><img loading=\"lazy\" decoding=\"async\" class=\"aligncenter size-large wp-image-1033\" src=\"http:\/\/tennisclub-hilders.de\/wp-content\/uploads\/2014\/07\/dsc06382-1024x680.jpg\" alt=\"DSC06382\" width=\"654\" height=\"434\" srcset=\"https:\/\/tennisclub-hilders.de\/wp-content\/uploads\/2014\/07\/dsc06382-1024x680.jpg 1024w, https:\/\/tennisclub-hilders.de\/wp-content\/uploads\/2014\/07\/dsc06382-300x199.jpg 300w, https:\/\/tennisclub-hilders.de\/wp-content\/uploads\/2014\/07\/dsc06382-600x399.jpg 600w, https:\/\/tennisclub-hilders.de\/wp-content\/uploads\/2014\/07\/dsc06382-2x1.jpg 2w\" sizes=\"auto, (max-width: 654px) 100vw, 654px\" \/><\/a><\/p>\n<p><span style=\"color: #000000;\">Von links: Tizian Herrmann, Luca Seifert, Valentina Sch\u00fcller mit Jugendwartin Regina Kirst<\/span><br \/>\n<span style=\"color: #000000;\"> es fehlt: Lucia Fromm<\/span><\/p>\n<p><span style=\"color: #000000;\"><u>Platzierungen U18 Junioren:<br \/>\n<\/u>1. Platz Jan Breitung<br \/>\n2. Platz Vincent Schmidt<br \/>\n3. Platz Robert Lasslop<br \/>\n4. Platz Julius Zentgraf<\/span><\/p>\n<p><a href=\"http:\/\/tennisclub-hilders.de\/wp-content\/uploads\/2014\/07\/dsc06383.jpg\"><img loading=\"lazy\" decoding=\"async\" class=\"aligncenter size-large wp-image-1034\" src=\"http:\/\/tennisclub-hilders.de\/wp-content\/uploads\/2014\/07\/dsc06383-1024x680.jpg\" alt=\"DSC06383\" width=\"654\" height=\"434\" srcset=\"https:\/\/tennisclub-hilders.de\/wp-content\/uploads\/2014\/07\/dsc06383-1024x680.jpg 1024w, https:\/\/tennisclub-hilders.de\/wp-content\/uploads\/2014\/07\/dsc06383-300x199.jpg 300w, https:\/\/tennisclub-hilders.de\/wp-content\/uploads\/2014\/07\/dsc06383-600x399.jpg 600w, https:\/\/tennisclub-hilders.de\/wp-content\/uploads\/2014\/07\/dsc06383-2x1.jpg 2w\" sizes=\"auto, (max-width: 654px) 100vw, 654px\" \/><\/a><\/p>\n<p><span style=\"color: #000000;\">Von links: Robert Lasslop, Vincent Schmidt, Jan Breitung mit Jugendwartin Regina Kirst<\/span><\/p>\n","protected":false},"excerpt":{"rendered":"<p>Jugendvereinsmeisterschaften\u00a02016\u00a0leider ausgefallen Aufgrund der schlechten Witterung mussten in diesem Jahr die Jugendvereinsmeisterschaften leider ausfallen. Jugendvereinsmeisterschaften\u00a02016 am 08.\/09. Oktober 2016 Zum\u00a0Abschluss der diesj\u00e4hrigen Tennissaison wollen wir noch unsere diesj\u00e4hrige Jugendvereinsmeisterschaften 2016 durchf\u00fchren. Alle Kinder und Jugendlichen des TC Blau-Wei\u00df Hilders sind hierzu recht herzlich aufgerufen. Auf\u00a0rege Teilnahme freut sich der Verein. Bitte meldet euch bis sp\u00e4testens [&hellip;]<\/p>\n","protected":false},"author":1,"featured_media":0,"parent":1159,"menu_order":0,"comment_status":"closed","ping_status":"closed","template":"page-templates\/full-width.php","meta":{"ngg_post_thumbnail":0,"footnotes":""},"class_list":["post-145","page","type-page","status-publish","hentry"],"_links":{"self":[{"href":"https:\/\/tennisclub-hilders.de\/index.php\/wp-json\/wp\/v2\/pages\/145","targetHints":{"allow":["GET"]}}],"collection":[{"href":"https:\/\/tennisclub-hilders.de\/index.php\/wp-json\/wp\/v2\/pages"}],"about":[{"href":"https:\/\/tennisclub-hilders.de\/index.php\/wp-json\/wp\/v2\/types\/page"}],"author":[{"embeddable":true,"href":"https:\/\/tennisclub-hilders.de\/index.php\/wp-json\/wp\/v2\/users\/1"}],"replies":[{"embeddable":true,"href":"https:\/\/tennisclub-hilders.de\/index.php\/wp-json\/wp\/v2\/comments?post=145"}],"version-history":[{"count":0,"href":"https:\/\/tennisclub-hilders.de\/index.php\/wp-json\/wp\/v2\/pages\/145\/revisions"}],"up":[{"embeddable":true,"href":"https:\/\/tennisclub-hilders.de\/index.php\/wp-json\/wp\/v2\/pages\/1159"}],"wp:attachment":[{"href":"https:\/\/tennisclub-hilders.de\/index.php\/wp-json\/wp\/v2\/media?parent=145"}],"curies":[{"name":"wp","href":"https:\/\/api.w.org\/{rel}","templated":true}]}}