{"id":351,"date":"2014-07-28T09:36:11","date_gmt":"2014-07-28T07:36:11","guid":{"rendered":"http:\/\/tennisclub-hilders.de\/?page_id=351"},"modified":"2016-03-11T12:08:04","modified_gmt":"2016-03-11T11:08:04","slug":"vereinsjubilaeum","status":"publish","type":"page","link":"https:\/\/tennisclub-hilders.de\/index.php\/verein\/vereinsjubilaeum\/","title":{"rendered":"Jubil\u00e4um"},"content":{"rendered":"<h2><span style=\"color: #000000;\"><strong><span style=\"font-family: Calibri;\">TC Blau-Wei\u00df Hilders ehrte seine langj\u00e4hrigen Mitglieder<\/span><\/strong><\/span><\/h2>\n<p><span style=\"color: #000000; font-size: medium;\">Auf der allj\u00e4hrlichen Mitgliederversammlung des Tennis-Clubs Blau-Wei\u00df Hilders e.V. ehrte die 1. Vorsitzende Beatrice Achenbach die ehemaligen Medenspielerinnen Martina Lasslop und Eva-Maria Ney f\u00fcr Ihre 40-j\u00e4hrige Vereinstreue. <\/span><\/p>\n<div id=\"attachment_1101\" style=\"width: 235px\" class=\"wp-caption aligncenter\"><a href=\"http:\/\/tennisclub-hilders.de\/aktuelles\/img_4258\/#main\" rel=\"attachment wp-att-1101\"><img loading=\"lazy\" decoding=\"async\" aria-describedby=\"caption-attachment-1101\" class=\"wp-image-1101 size-medium\" src=\"http:\/\/tennisclub-hilders.de\/wp-content\/uploads\/2014\/07\/img_4258-225x300.jpg\" alt=\"IMG_4258\" width=\"225\" height=\"300\" srcset=\"https:\/\/tennisclub-hilders.de\/wp-content\/uploads\/2014\/07\/img_4258-225x300.jpg 225w, https:\/\/tennisclub-hilders.de\/wp-content\/uploads\/2014\/07\/img_4258-768x1024.jpg 768w, https:\/\/tennisclub-hilders.de\/wp-content\/uploads\/2014\/07\/img_4258-600x800.jpg 600w, https:\/\/tennisclub-hilders.de\/wp-content\/uploads\/2014\/07\/img_4258-1x1.jpg 1w\" sizes=\"auto, (max-width: 225px) 100vw, 225px\" \/><\/a><p id=\"caption-attachment-1101\" class=\"wp-caption-text\"><span style=\"color: #000000;\">Von links: Eva-Maria Ney, Beatrice Achenbach, Martina Lasslop<\/span><\/p><\/div>\n<p style=\"text-align: center;\"><span style=\"color: #000000;\">\u00a0<\/span><\/p>\n<p>&nbsp;<\/p>\n<p><span style=\"color: #000000;\">\u00a0<\/span><\/p>\n<p>&nbsp;<\/p>\n","protected":false},"excerpt":{"rendered":"<p>TC Blau-Wei\u00df Hilders ehrte seine langj\u00e4hrigen Mitglieder Auf der allj\u00e4hrlichen Mitgliederversammlung des Tennis-Clubs Blau-Wei\u00df Hilders e.V. ehrte die 1. Vorsitzende Beatrice Achenbach die ehemaligen Medenspielerinnen Martina Lasslop und Eva-Maria Ney f\u00fcr Ihre 40-j\u00e4hrige Vereinstreue. \u00a0 &nbsp; \u00a0 &nbsp;<\/p>\n","protected":false},"author":1,"featured_media":0,"parent":156,"menu_order":0,"comment_status":"closed","ping_status":"closed","template":"page-templates\/full-width.php","meta":{"ngg_post_thumbnail":0,"footnotes":""},"class_list":["post-351","page","type-page","status-publish","hentry"],"_links":{"self":[{"href":"https:\/\/tennisclub-hilders.de\/index.php\/wp-json\/wp\/v2\/pages\/351","targetHints":{"allow":["GET"]}}],"collection":[{"href":"https:\/\/tennisclub-hilders.de\/index.php\/wp-json\/wp\/v2\/pages"}],"about":[{"href":"https:\/\/tennisclub-hilders.de\/index.php\/wp-json\/wp\/v2\/types\/page"}],"author":[{"embeddable":true,"href":"https:\/\/tennisclub-hilders.de\/index.php\/wp-json\/wp\/v2\/users\/1"}],"replies":[{"embeddable":true,"href":"https:\/\/tennisclub-hilders.de\/index.php\/wp-json\/wp\/v2\/comments?post=351"}],"version-history":[{"count":0,"href":"https:\/\/tennisclub-hilders.de\/index.php\/wp-json\/wp\/v2\/pages\/351\/revisions"}],"up":[{"embeddable":true,"href":"https:\/\/tennisclub-hilders.de\/index.php\/wp-json\/wp\/v2\/pages\/156"}],"wp:attachment":[{"href":"https:\/\/tennisclub-hilders.de\/index.php\/wp-json\/wp\/v2\/media?parent=351"}],"curies":[{"name":"wp","href":"https:\/\/api.w.org\/{rel}","templated":true}]}}